{"id":21,"date":"2023-05-05T01:27:51","date_gmt":"2023-05-05T01:27:51","guid":{"rendered":"https:\/\/electricom.harutheme.com\/mobility\/?page_id=21"},"modified":"2025-09-08T16:29:43","modified_gmt":"2025-09-08T16:29:43","slug":"giardini-terrazzi","status":"publish","type":"page","link":"https:\/\/www.serenaplant.it\/vivaio\/giardini-terrazzi\/","title":{"rendered":"Giardini, Balconi &amp; Orto Fiorito"},"content":{"rendered":"\t\t<div data-elementor-type=\"wp-page\" data-elementor-id=\"21\" class=\"elementor elementor-21\">\n\t\t\t\t<div class=\"elementor-element elementor-element-a8a2383 e-flex e-con-boxed e-con e-parent\" data-id=\"a8a2383\" data-element_type=\"container\">\n\t\t\t\t\t<div class=\"e-con-inner\">\n\t\t<div class=\"elementor-element elementor-element-e338cf6 e-con-full e-flex e-con e-child\" data-id=\"e338cf6\" data-element_type=\"container\">\n\t\t<div class=\"elementor-element elementor-element-23e2635 e-con-full e-flex e-con e-child\" data-id=\"23e2635\" data-element_type=\"container\">\n\t\t<div class=\"elementor-element elementor-element-b02026e e-con-full e-flex e-con e-child\" data-id=\"b02026e\" data-element_type=\"container\">\n\t\t\t\t<div class=\"elementor-element elementor-element-373e714 elementor-widget elementor-widget-haru-banner\" data-id=\"373e714\" data-element_type=\"widget\" data-widget_type=\"haru-banner.default\">\n\t\t\t\t<div class=\"elementor-widget-container\">\n\t\t\t\t\t\n                            <div class=\"haru-banner haru-banner--style-0 haru-banner--hover-none\">\n                    \n\t\t\t\t<div class=\"haru-banner__image\">\n\t\t\t\t<img decoding=\"async\" src=\"https:\/\/www.serenaplant.it\/vivaio\/wp-content\/uploads\/2024\/10\/454445642_1010601500857172_4590298944651027032_n-e1729089781306.jpg\" alt=\"Serena Plant\">\n\t\t\t<\/div>\n\t\n\n\n\n\n\n\n\n\n\n\n\n\n\n\n                <\/div>\n            \n            \t\t\t\t<\/div>\n\t\t\t\t<\/div>\n\t\t\t\t<\/div>\n\t\t<div class=\"elementor-element elementor-element-1d2b473 e-con-full e-flex e-con e-child\" data-id=\"1d2b473\" data-element_type=\"container\">\n\t\t\t\t<div class=\"elementor-element elementor-element-fda2f9a elementor-widget elementor-widget-haru-heading\" data-id=\"fda2f9a\" data-element_type=\"widget\" data-widget_type=\"haru-heading.default\">\n\t\t\t\t<div class=\"elementor-widget-container\">\n\t\t\t\t\t<h2 class=\"haru-heading-title haru-heading-title--sub-heading-6\">La Natura al Centro del Nostro Lavoro<\/h2>\t\t\t\t<\/div>\n\t\t\t\t<\/div>\n\t\t\t\t<div class=\"elementor-element elementor-element-fba3a03 elementor-widget elementor-widget-haru-heading\" data-id=\"fba3a03\" data-element_type=\"widget\" data-widget_type=\"haru-heading.default\">\n\t\t\t\t<div class=\"elementor-widget-container\">\n\t\t\t\t\t<h2 class=\"haru-heading-title haru-heading-title--heading-5\">Tutto il necessario per il tuo Angolo Verde<\/h2>\t\t\t\t<\/div>\n\t\t\t\t<\/div>\n\t\t\t\t<div class=\"elementor-element elementor-element-bdfd737 elementor-widget elementor-widget-haru-heading\" data-id=\"bdfd737\" data-element_type=\"widget\" data-widget_type=\"haru-heading.default\">\n\t\t\t\t<div class=\"elementor-widget-container\">\n\t\t\t\t\t<h2 class=\"haru-heading-title haru-heading-title--sub-heading-4\">Prodotti BIO, sementi e consulenza esperta per far fiorire il tuo giardino, terrazzo o balcone in ogni stagione<\/h2>\t\t\t\t<\/div>\n\t\t\t\t<\/div>\n\t\t\t\t<div class=\"elementor-element elementor-element-365d1ed elementor-widget elementor-widget-haru-heading\" data-id=\"365d1ed\" data-element_type=\"widget\" data-widget_type=\"haru-heading.default\">\n\t\t\t\t<div class=\"elementor-widget-container\">\n\t\t\t\t\t<h2 class=\"haru-heading-title haru-heading-title--description-3\">Nel nostro vivaio troverete a vostra disposizione sementi, terricci, concimi e prodotti BIO per far crescere le vostre piante in salute ed al massimo delle loro potenzialit\u00e0. Se vorrete, il nostro personale sapr\u00e0 indicarvi i prodotti migliori, e potr\u00e0 aiutarvi a curare le vostre piante nel caso di malattia.\nChe abbiate un grande giardino, un terrazzo o un balcone, troverete da noi tutto il necessario, fra piante e prodotti, per renderlo un piccolo angolo di paradiso e valorizzarlo secondo il vostro stile unico.<\/h2>\t\t\t\t<\/div>\n\t\t\t\t<\/div>\n\t\t\t\t<\/div>\n\t\t<div class=\"elementor-element elementor-element-862db6a e-con-full e-flex e-con e-child\" data-id=\"862db6a\" data-element_type=\"container\">\n\t\t<div class=\"elementor-element elementor-element-39f75d1 e-con-full e-flex e-con e-child\" data-id=\"39f75d1\" data-element_type=\"container\">\n\t\t\t\t<div class=\"elementor-element elementor-element-ed1c6ca elementor-widget elementor-widget-haru-banner\" data-id=\"ed1c6ca\" data-element_type=\"widget\" data-widget_type=\"haru-banner.default\">\n\t\t\t\t<div class=\"elementor-widget-container\">\n\t\t\t\t\t\n                            <div class=\"haru-banner haru-banner--style-0 haru-banner--hover-none\">\n                    \n\t\t\t\t<div class=\"haru-banner__image\">\n\t\t\t\t<img decoding=\"async\" src=\"https:\/\/www.serenaplant.it\/vivaio\/wp-content\/uploads\/2024\/10\/orto.jpg\" alt=\"Serena Plant\">\n\t\t\t<\/div>\n\t\n\n\n\n\n\n\n\n\n\n\n\n\n\n\n                <\/div>\n            \n            \t\t\t\t<\/div>\n\t\t\t\t<\/div>\n\t\t\t\t<\/div>\n\t\t<div class=\"elementor-element elementor-element-2c2c5df e-con-full e-flex e-con e-child\" data-id=\"2c2c5df\" data-element_type=\"container\">\n\t\t\t\t<div class=\"elementor-element elementor-element-6046754 elementor-widget elementor-widget-haru-banner\" data-id=\"6046754\" data-element_type=\"widget\" data-widget_type=\"haru-banner.default\">\n\t\t\t\t<div class=\"elementor-widget-container\">\n\t\t\t\t\t\n                            <div class=\"haru-banner haru-banner--style-0 haru-banner--hover-none\">\n                    \n\t\t\t\t<div class=\"haru-banner__image\">\n\t\t\t\t<img decoding=\"async\" src=\"https:\/\/www.serenaplant.it\/vivaio\/wp-content\/uploads\/2025\/09\/FB_IMG_1753103261608-e1757348975961.jpg\" alt=\"Serena Plant\">\n\t\t\t<\/div>\n\t\n\n\n\n\n\n\n\n\n\n\n\n\n\n\n                <\/div>\n            \n            \t\t\t\t<\/div>\n\t\t\t\t<\/div>\n\t\t\t\t<\/div>\n\t\t<div class=\"elementor-element elementor-element-dff9452 e-con-full e-flex e-con e-child\" data-id=\"dff9452\" data-element_type=\"container\">\n\t\t\t\t<div class=\"elementor-element elementor-element-052a8b7 elementor-widget elementor-widget-haru-banner\" data-id=\"052a8b7\" data-element_type=\"widget\" data-widget_type=\"haru-banner.default\">\n\t\t\t\t<div class=\"elementor-widget-container\">\n\t\t\t\t\t\n                            <div class=\"haru-banner haru-banner--style-0 haru-banner--hover-none\">\n                    \n\t\t\t\t<div class=\"haru-banner__image\">\n\t\t\t\t<img decoding=\"async\" src=\"https:\/\/www.serenaplant.it\/vivaio\/wp-content\/uploads\/2024\/10\/prodotti_1.jpg\" alt=\"Serena Plant\">\n\t\t\t<\/div>\n\t\n\n\n\n\n\n\n\n\n\n\n\n\n\n\n                <\/div>\n            \n            \t\t\t\t<\/div>\n\t\t\t\t<\/div>\n\t\t\t\t<\/div>\n\t\t\t\t<\/div>\n\t\t\t\t<\/div>\n\t\t\t\t<\/div>\n\t\t\t\t\t<\/div>\n\t\t\t\t<\/div>\n\t\t\t\t<\/div>\n\t\t","protected":false},"excerpt":{"rendered":"<p>La Natura al Centro del Nostro Lavoro Tutto il necessario per il tuo Angolo Verde Prodotti BIO, sementi e consulenza esperta per far fiorire il tuo giardino, terrazzo o balcone in ogni stagione Nel nostro vivaio troverete a vostra disposizione sementi, terricci, concimi e prodotti BIO per far crescere le vostre piante in salute ed [&hellip;]<\/p>\n","protected":false},"author":1,"featured_media":0,"parent":0,"menu_order":0,"comment_status":"closed","ping_status":"closed","template":"","meta":{"footnotes":""},"class_list":["post-21","page","type-page","status-publish","hentry"],"_links":{"self":[{"href":"https:\/\/www.serenaplant.it\/vivaio\/wp-json\/wp\/v2\/pages\/21","targetHints":{"allow":["GET"]}}],"collection":[{"href":"https:\/\/www.serenaplant.it\/vivaio\/wp-json\/wp\/v2\/pages"}],"about":[{"href":"https:\/\/www.serenaplant.it\/vivaio\/wp-json\/wp\/v2\/types\/page"}],"author":[{"embeddable":true,"href":"https:\/\/www.serenaplant.it\/vivaio\/wp-json\/wp\/v2\/users\/1"}],"replies":[{"embeddable":true,"href":"https:\/\/www.serenaplant.it\/vivaio\/wp-json\/wp\/v2\/comments?post=21"}],"version-history":[{"count":29,"href":"https:\/\/www.serenaplant.it\/vivaio\/wp-json\/wp\/v2\/pages\/21\/revisions"}],"predecessor-version":[{"id":20926,"href":"https:\/\/www.serenaplant.it\/vivaio\/wp-json\/wp\/v2\/pages\/21\/revisions\/20926"}],"wp:attachment":[{"href":"https:\/\/www.serenaplant.it\/vivaio\/wp-json\/wp\/v2\/media?parent=21"}],"curies":[{"name":"wp","href":"https:\/\/api.w.org\/{rel}","templated":true}]}}