{"id":51,"date":"2023-05-05T01:32:57","date_gmt":"2023-05-05T01:32:57","guid":{"rendered":"https:\/\/electricom.harutheme.com\/mobility\/?page_id=51"},"modified":"2025-09-30T07:58:09","modified_gmt":"2025-09-30T07:58:09","slug":"vivaio","status":"publish","type":"page","link":"https:\/\/www.serenaplant.it\/vivaio\/vivaio\/","title":{"rendered":"Il Vivaio"},"content":{"rendered":"\t\t<div data-elementor-type=\"wp-page\" data-elementor-id=\"51\" class=\"elementor elementor-51\">\n\t\t\t\t<div class=\"elementor-element elementor-element-4278089 e-flex e-con-boxed e-con e-parent\" data-id=\"4278089\" data-element_type=\"container\">\n\t\t\t\t\t<div class=\"e-con-inner\">\n\t\t<div class=\"elementor-element elementor-element-6a56711 e-con-full e-flex e-con e-child\" data-id=\"6a56711\" data-element_type=\"container\">\n\t\t<div class=\"elementor-element elementor-element-053d84f e-con-full e-flex e-con e-child\" data-id=\"053d84f\" data-element_type=\"container\">\n\t\t\t\t<div class=\"elementor-element elementor-element-1e00977 elementor-widget elementor-widget-haru-banner\" data-id=\"1e00977\" data-element_type=\"widget\" data-widget_type=\"haru-banner.default\">\n\t\t\t\t<div class=\"elementor-widget-container\">\n\t\t\t\t\t\n                            <div class=\"haru-banner haru-banner--style-0 haru-banner--hover-none\">\n                    \n\t\t\t\t<div class=\"haru-banner__image\">\n\t\t\t\t<img decoding=\"async\" src=\"https:\/\/www.serenaplant.it\/vivaio\/wp-content\/uploads\/2024\/10\/DSC_0134_small-e1729088641175.jpg\" alt=\"Serena Plant\">\n\t\t\t<\/div>\n\t\n\n\n\n\n\n\n\n\n\n\n\n\n\n\n                <\/div>\n            \n            \t\t\t\t<\/div>\n\t\t\t\t<\/div>\n\t\t\t\t<\/div>\n\t\t<div class=\"elementor-element elementor-element-43127d9 e-con-full e-flex e-con e-child\" data-id=\"43127d9\" data-element_type=\"container\">\n\t\t\t\t<div class=\"elementor-element elementor-element-0679fce elementor-widget elementor-widget-haru-heading\" data-id=\"0679fce\" data-element_type=\"widget\" data-widget_type=\"haru-heading.default\">\n\t\t\t\t<div class=\"elementor-widget-container\">\n\t\t\t\t\t<h2 class=\"haru-heading-title haru-heading-title--sub-heading-6\">La Natura al Centro del Nostro Lavoro<\/h2>\t\t\t\t<\/div>\n\t\t\t\t<\/div>\n\t\t\t\t<div class=\"elementor-element elementor-element-dfa77bd elementor-widget elementor-widget-haru-heading\" data-id=\"dfa77bd\" data-element_type=\"widget\" data-widget_type=\"haru-heading.default\">\n\t\t\t\t<div class=\"elementor-widget-container\">\n\t\t\t\t\t<h2 class=\"haru-heading-title haru-heading-title--heading-5\">Il Vivaio: un mondo di colori e natura<\/h2>\t\t\t\t<\/div>\n\t\t\t\t<\/div>\n\t\t\t\t<div class=\"elementor-element elementor-element-d6f12b6 elementor-widget elementor-widget-haru-heading\" data-id=\"d6f12b6\" data-element_type=\"widget\" data-widget_type=\"haru-heading.default\">\n\t\t\t\t<div class=\"elementor-widget-container\">\n\t\t\t\t\t<h2 class=\"haru-heading-title haru-heading-title--sub-heading-4\">Un ettaro di piante autoctone, prodotti di qualit\u00e0 e tutto ci\u00f2 che serve per prendersi cura del tuo spazio verde, in ogni stagione<\/h2>\t\t\t\t<\/div>\n\t\t\t\t<\/div>\n\t\t\t\t<div class=\"elementor-element elementor-element-0dfbc4a elementor-widget elementor-widget-haru-heading\" data-id=\"0dfbc4a\" data-element_type=\"widget\" data-widget_type=\"haru-heading.default\">\n\t\t\t\t<div class=\"elementor-widget-container\">\n\t\t\t\t\t<h2 class=\"haru-heading-title haru-heading-title--description-3\">Il cuore della Serena Plant \u00e8 di certo il vivaio. Ogni stagione infatti cresce e si trasforma, mostrando tutti i suoi colori e la bellezza delle piante che lo costituiscono. Circa un ettaro di terreno dedicato esclusivamente alle piante per i vostri giardini, in particolare specie autoctone di nostra produzione. Piante ornamentali o da frutto di diverse dimensioni, adatte ad ogni vostra esigenza. \nInoltre, all'esterno potrete trovare terricci di varie tipologie e peso, oltre a prodotti per il giardino, vasi in vari materiali e grandezze, teli di varie dimensioni, rotoli di prato sintetico e pietre o ciottoli per decorare il vostro verde.<\/h2>\t\t\t\t<\/div>\n\t\t\t\t<\/div>\n\t\t\t\t<div class=\"elementor-element elementor-element-b0bb3e4 elementor-widget elementor-widget-haru-heading\" data-id=\"b0bb3e4\" data-element_type=\"widget\" data-widget_type=\"haru-heading.default\">\n\t\t\t\t<div class=\"elementor-widget-container\">\n\t\t\t\t\t<h2 class=\"haru-heading-title haru-heading-title--description-3\">All'interno del capannone verde, quello principale, non mancheranno altri settori specifici con terricci, prodotti BIO, concimi e tutto ci\u00f2 che pu\u00f2 servire per prendervi cura delle vostre piante. Il nostro personale sar\u00e0 pronto ad aiutarvi e consigliarvi al meglio, che si tratti di giardinaggio o orticoltura, per aiutarvi a migliorare la vostra produzione o trovare nuove soluzioni per il vostro verde. Inoltre troverete degli stand con le sementi, selezionate con cura per voi, vasi e coprivasi da interno o esterno e prodotti per il giardino ed il giardinaggio.\nVisitare Serena Plant sar\u00e0 una gioia in ogni periodo dell'anno!<\/h2>\t\t\t\t<\/div>\n\t\t\t\t<\/div>\n\t\t\t\t<\/div>\n\t\t<div class=\"elementor-element elementor-element-136aec3 e-con-full e-flex e-con e-child\" data-id=\"136aec3\" data-element_type=\"container\">\n\t\t<div class=\"elementor-element elementor-element-b107658 e-con-full e-flex e-con e-child\" data-id=\"b107658\" data-element_type=\"container\">\n\t\t\t\t<div class=\"elementor-element elementor-element-132b924 elementor-widget elementor-widget-haru-banner\" data-id=\"132b924\" data-element_type=\"widget\" data-widget_type=\"haru-banner.default\">\n\t\t\t\t<div class=\"elementor-widget-container\">\n\t\t\t\t\t\n                            <div class=\"haru-banner haru-banner--style-0 haru-banner--hover-none\">\n                    \n\t\t\t\t<div class=\"haru-banner__image\">\n\t\t\t\t<img decoding=\"async\" src=\"https:\/\/www.serenaplant.it\/vivaio\/wp-content\/uploads\/2025\/09\/ok-scaled-e1757348765371.jpg\" alt=\"Serena Plant\">\n\t\t\t<\/div>\n\t\n\n\n\n\n\n\n\n\n\n\n\n\n\n\n                <\/div>\n            \n            \t\t\t\t<\/div>\n\t\t\t\t<\/div>\n\t\t\t\t<\/div>\n\t\t<div class=\"elementor-element elementor-element-3232e91 e-con-full e-flex e-con e-child\" data-id=\"3232e91\" data-element_type=\"container\">\n\t\t\t\t<div class=\"elementor-element elementor-element-0f21c03 elementor-widget elementor-widget-haru-banner\" data-id=\"0f21c03\" data-element_type=\"widget\" data-widget_type=\"haru-banner.default\">\n\t\t\t\t<div class=\"elementor-widget-container\">\n\t\t\t\t\t\n                            <div class=\"haru-banner haru-banner--style-0 haru-banner--hover-none\">\n                    \n\t\t\t\t<div class=\"haru-banner__image\">\n\t\t\t\t<img decoding=\"async\" src=\"https:\/\/www.serenaplant.it\/vivaio\/wp-content\/uploads\/2025\/09\/514275349_1318329853417667_9061225546972286495_n-e1759218979456.jpg\" alt=\"Serena Plant\">\n\t\t\t<\/div>\n\t\n\n\n\n\n\n\n\n\n\n\n\n\n\n\n                <\/div>\n            \n            \t\t\t\t<\/div>\n\t\t\t\t<\/div>\n\t\t\t\t<\/div>\n\t\t<div class=\"elementor-element elementor-element-8e6720e e-con-full e-flex e-con e-child\" data-id=\"8e6720e\" data-element_type=\"container\">\n\t\t\t\t<div class=\"elementor-element elementor-element-1ef7d06 elementor-widget elementor-widget-haru-banner\" data-id=\"1ef7d06\" data-element_type=\"widget\" data-widget_type=\"haru-banner.default\">\n\t\t\t\t<div class=\"elementor-widget-container\">\n\t\t\t\t\t\n                            <div class=\"haru-banner haru-banner--style-0 haru-banner--hover-none\">\n                    \n\t\t\t\t<div class=\"haru-banner__image\">\n\t\t\t\t<img decoding=\"async\" src=\"https:\/\/www.serenaplant.it\/vivaio\/wp-content\/uploads\/2023\/06\/395199296_1797120310734169_1771823308081921333_n.jpg\" alt=\"Serena Plant\">\n\t\t\t<\/div>\n\t\n\n\n\n\n\n\n\n\n\n\n\n\n\n\n                <\/div>\n            \n            \t\t\t\t<\/div>\n\t\t\t\t<\/div>\n\t\t\t\t<\/div>\n\t\t\t\t<\/div>\n\t\t\t\t<\/div>\n\t\t\t\t\t<\/div>\n\t\t\t\t<\/div>\n\t\t\t\t<\/div>\n\t\t","protected":false},"excerpt":{"rendered":"<p>La Natura al Centro del Nostro Lavoro Il Vivaio: un mondo di colori e natura Un ettaro di piante autoctone, prodotti di qualit\u00e0 e tutto ci\u00f2 che serve per prendersi cura del tuo spazio verde, in ogni stagione Il cuore della Serena Plant \u00e8 di certo il vivaio. Ogni stagione infatti cresce e si trasforma, [&hellip;]<\/p>\n","protected":false},"author":1,"featured_media":0,"parent":0,"menu_order":0,"comment_status":"closed","ping_status":"closed","template":"","meta":{"footnotes":""},"class_list":["post-51","page","type-page","status-publish","hentry"],"_links":{"self":[{"href":"https:\/\/www.serenaplant.it\/vivaio\/wp-json\/wp\/v2\/pages\/51","targetHints":{"allow":["GET"]}}],"collection":[{"href":"https:\/\/www.serenaplant.it\/vivaio\/wp-json\/wp\/v2\/pages"}],"about":[{"href":"https:\/\/www.serenaplant.it\/vivaio\/wp-json\/wp\/v2\/types\/page"}],"author":[{"embeddable":true,"href":"https:\/\/www.serenaplant.it\/vivaio\/wp-json\/wp\/v2\/users\/1"}],"replies":[{"embeddable":true,"href":"https:\/\/www.serenaplant.it\/vivaio\/wp-json\/wp\/v2\/comments?post=51"}],"version-history":[{"count":35,"href":"https:\/\/www.serenaplant.it\/vivaio\/wp-json\/wp\/v2\/pages\/51\/revisions"}],"predecessor-version":[{"id":20932,"href":"https:\/\/www.serenaplant.it\/vivaio\/wp-json\/wp\/v2\/pages\/51\/revisions\/20932"}],"wp:attachment":[{"href":"https:\/\/www.serenaplant.it\/vivaio\/wp-json\/wp\/v2\/media?parent=51"}],"curies":[{"name":"wp","href":"https:\/\/api.w.org\/{rel}","templated":true}]}}